{"id":181,"date":"2015-03-24T20:42:46","date_gmt":"2015-03-24T20:42:46","guid":{"rendered":"http:\/\/dirkguhl.com\/WordPress_01\/?page_id=181"},"modified":"2019-11-01T22:33:10","modified_gmt":"2019-11-01T22:33:10","slug":"gaestebuch","status":"publish","type":"page","link":"https:\/\/dirkguhl.com\/WordPress_01\/gaestebuch\/","title":{"rendered":"G\u00e4stebuch"},"content":{"rendered":"<div style=\"font-family:Arial; font-size:16px; font-weight:bold;\">G\u00e4stebuch \/ Knjiga dojmova \/ Guestbook<\/div>\n<div class=\"gwolle-gb\"><div class=\"gwolle_gb_messages_top_container\"><\/div>\n\t\t\t<div class=\"gwolle-gb-write\">\n\t\t\t\t<h3>Anmelden, um einen neuen Beitrag zu schreiben<\/h3><form name=\"loginform\" id=\"loginform\" action=\"https:\/\/dirkguhl.com\/WordPress_01\/wp-login.php\" method=\"post\"><p class=\"login-username\">\n\t\t\t\t<label for=\"user_login\">Benutzername oder E-Mail-Adresse<\/label>\n\t\t\t\t<input type=\"text\" name=\"log\" id=\"user_login\" class=\"input\" value=\"\" size=\"20\" \/>\n\t\t\t<\/p><p class=\"login-password\">\n\t\t\t\t<label for=\"user_pass\">Passwort<\/label>\n\t\t\t\t<input type=\"password\" name=\"pwd\" id=\"user_pass\" class=\"input\" value=\"\" size=\"20\" \/>\n\t\t\t<\/p><p class=\"login-remember\"><label><input name=\"rememberme\" type=\"checkbox\" id=\"rememberme\" value=\"forever\" \/> Angemeldet bleiben<\/label><\/p><p class=\"login-submit\">\n\t\t\t\t<input type=\"submit\" name=\"wp-submit\" id=\"wp-submit\" class=\"button button-primary\" value=\"Anmelden\" \/>\n\t\t\t\t<input type=\"hidden\" name=\"redirect_to\" value=\"https:\/\/dirkguhl.com\/WordPress_01\/wp-json\/wp\/v2\/pages\/181\" \/>\n\t\t\t<\/p><\/form><\/div><div class=\"gwolle-gb-read gwolle-gb-ajax\" data-book_id=\"1\"><div id=\"gwolle-gb-total\" class=\"gwolle-gb-total\">15 Eintr\u00e4ge<\/div><!-- Gwolle-GB Entry: Default Template Loaded -->\n\t\t\t\t<div class=\"gb-entry gb-entry_20 gb-entry-count_1 gwolle_gb_uneven gwolle-gb-uneven gwolle_gb_first gwolle-gb-first\">\n\t\t\t\t\t<div class=\"gb-author-info\">\n\t\t\t\t\t\t<span class=\"gb-author-avatar\"><img referrerpolicy=\"no-referrer\" alt='Daniela Brunner' src='https:\/\/secure.gravatar.com\/avatar\/e7e1429ea139fb12904fac68f183a86d?s=32&#038;d=mm&#038;r=g' srcset='https:\/\/secure.gravatar.com\/avatar\/e7e1429ea139fb12904fac68f183a86d?s=64&#038;d=mm&#038;r=g 2x' class='avatar avatar-32 photo' height='32' width='32' loading='lazy'\/><\/span>\n\t\t\t\t\t\t<span class=\"gb-author-name\">Daniela Brunner\n\t\t\t\t\t\t<\/span>\n\t\t\t\t\t\t<span class=\"gb-datetime\">\n\t\t\t\t\t\t\t<span class=\"gb-date\"><span class=\"gb-date-wrote-text\"> schrieb am<\/span><span class=\"gb-date-text\"> 13. September 2017<\/span>\n\t\t\t\t\t\t\t<\/span><span class=\"gb-time\">\n\t\t\t\t\t\t\t\t\t<span class=\"gb-time-at-text\"> um<\/span>\n\t\t\t\t\t\t\t\t\t<span class=\"gb-time-text\"> 12:54<\/span>\n\t\t\t\t\t\t\t\t<\/span>\n\t\t\t\t\t\t<\/span> \n\t\t\t\t\t<\/div>\n\t\t\t\t\t<div class=\"gb-entry-content\">Hallo Dirk, begeistert habe ich deinen Bericht \u00fcber Veli Login gelesen. Tolle Geschichte. Ich war heuer f\u00fcr drei WO in der ehem. DDR und in Westdeutschland. Ich kenne auch Mali - wie Veli Login, weil meine Gro\u00dfeltern - haupts\u00e4chlich - in Mali Login ihre Urlaube verbrachten. Mich interessiert das ehem. Kurheim, wo ihr als Kinder eure Zeit verbrachten. Best\u00fcnde die M\u00f6glichkeit, das Kurheim zu besichtigen? Ich m\u00f6chte n\u00e4chstes Jahr wieder nach Mali u. Veli Login f\u00fcr 14 Tage reisen. Wir haben es nicht so weit - ich wohne in Klagenfurt. Vielleicht magst du mir schreiben - ich w\u00fcnsche dir alles Gute f\u00fcr dich und deine Frau. LG Daniela\n\t\t\t\t\t<\/div>\n\t\t\t<\/div>\n\t\t\t<div class=\"gb-entry gb-entry_19 gb-entry-count_2 gwolle_gb_even gwolle-gb-even\">\n\t\t\t\t\t<div class=\"gb-author-info\">\n\t\t\t\t\t\t<span class=\"gb-author-avatar\"><img referrerpolicy=\"no-referrer\" alt='Christine Ruschke' src='https:\/\/secure.gravatar.com\/avatar\/?s=32&#038;d=mm&#038;r=g' srcset='https:\/\/secure.gravatar.com\/avatar\/?s=64&#038;d=mm&#038;r=g 2x' class='avatar avatar-32 photo avatar-default' height='32' width='32' loading='lazy'\/><\/span>\n\t\t\t\t\t\t<span class=\"gb-author-name\">Christine Ruschke\n\t\t\t\t\t\t<\/span>\n\t\t\t\t\t\t<span class=\"gb-datetime\">\n\t\t\t\t\t\t\t<span class=\"gb-date\"><span class=\"gb-date-wrote-text\"> schrieb am<\/span><span class=\"gb-date-text\"> 12. April 2016<\/span>\n\t\t\t\t\t\t\t<\/span><span class=\"gb-time\">\n\t\t\t\t\t\t\t\t\t<span class=\"gb-time-at-text\"> um<\/span>\n\t\t\t\t\t\t\t\t\t<span class=\"gb-time-text\"> 16:27<\/span>\n\t\t\t\t\t\t\t\t<\/span>\n\t\t\t\t\t\t<\/span> \n\t\t\t\t\t<\/div>\n\t\t\t\t\t<div class=\"gb-entry-content\">Hallo,\r\nhier ist die Gedichteschreiberin vom Sport -Studio. Ich habe auf eurer Internetseite viel gelesen, Sie haben ja viel vor.\r\nEs hat mich gefreut,da\u00df meine Gedichte gefallen. Jetzt habe ich viel Zeit und widme mich dem Schreiben und versuche es mit dem Malen.\r\nEs ist sch\u00f6n, wenn man dann einmal R\u00fcckmeldungen bekommt.\r\n\r\nF\u00fcr das Buch w\u00fcnsche ich viel Erfolg, da\u00df\r\nsie auch den richtigen Nerv treffen. Denn das ist ja bei so\r\neinem gro\u00dfen Vorhaben sehr wichtig.\r\n\r\n      Herzliche Gr\u00fc\u00dfe \r\n      ihre Sportfreundin\r\n            Christine Ruschke\n\t\t\t\t\t<\/div>\n\t\t\t<\/div>\n\t\t\t<div class=\"gb-entry gb-entry_18 gb-entry-count_3 gwolle_gb_uneven gwolle-gb-uneven\">\n\t\t\t\t\t<div class=\"gb-author-info\">\n\t\t\t\t\t\t<span class=\"gb-author-avatar\"><img referrerpolicy=\"no-referrer\" alt='Vlatko Klari\u0107' src='https:\/\/secure.gravatar.com\/avatar\/?s=32&#038;d=mm&#038;r=g' srcset='https:\/\/secure.gravatar.com\/avatar\/?s=64&#038;d=mm&#038;r=g 2x' class='avatar avatar-32 photo avatar-default' height='32' width='32' loading='lazy'\/><\/span>\n\t\t\t\t\t\t<span class=\"gb-author-name\">Vlatko Klari\u0107\n\t\t\t\t\t\t<\/span>\n\t\t\t\t\t\t<span class=\"gb-datetime\">\n\t\t\t\t\t\t\t<span class=\"gb-date\"><span class=\"gb-date-wrote-text\"> schrieb am<\/span><span class=\"gb-date-text\"> 12. April 2016<\/span>\n\t\t\t\t\t\t\t<\/span><span class=\"gb-time\">\n\t\t\t\t\t\t\t\t\t<span class=\"gb-time-at-text\"> um<\/span>\n\t\t\t\t\t\t\t\t\t<span class=\"gb-time-text\"> 7:19<\/span>\n\t\t\t\t\t\t\t\t<\/span>\n\t\t\t\t\t\t<\/span> \n\t\t\t\t\t<\/div>\n\t\t\t\t\t<div class=\"gb-entry-content\">Pozdrav, imate lijepu stranicu a sto je najljep\u0161e \u2013 na hrvatskom je jeziku. Ja nisam tambura\u0161, ve\u0107 gitarist, ali, naravno, volim i tamburu. Drago mi je da se mo\u017eemo i na ovaj na\u010din bar malo upoznati. Ja imam velike planove sto se ti\u010de glazbe, mo\u017eda nas to poveze. Za sada toliko, lijepi pozdrav i svako dobro!\r\nVlatko Klari\u0107\n\t\t\t\t\t<\/div>\n\t\t\t<\/div>\n\t\t\t<div class=\"gb-entry gb-entry_17 gb-entry-count_4 gwolle_gb_even gwolle-gb-even\">\n\t\t\t\t\t<div class=\"gb-author-info\">\n\t\t\t\t\t\t<span class=\"gb-author-avatar\"><img referrerpolicy=\"no-referrer\" alt='Ljubica Mikac' src='https:\/\/secure.gravatar.com\/avatar\/?s=32&#038;d=mm&#038;r=g' srcset='https:\/\/secure.gravatar.com\/avatar\/?s=64&#038;d=mm&#038;r=g 2x' class='avatar avatar-32 photo avatar-default' height='32' width='32' loading='lazy'\/><\/span>\n\t\t\t\t\t\t<span class=\"gb-author-name\">Ljubica Mikac\n\t\t\t\t\t\t<\/span>\n\t\t\t\t\t\t<span class=\"gb-datetime\">\n\t\t\t\t\t\t\t<span class=\"gb-date\"><span class=\"gb-date-wrote-text\"> schrieb am<\/span><span class=\"gb-date-text\"> 20. Oktober 2015<\/span>\n\t\t\t\t\t\t\t<\/span><span class=\"gb-time\">\n\t\t\t\t\t\t\t\t\t<span class=\"gb-time-at-text\"> um<\/span>\n\t\t\t\t\t\t\t\t\t<span class=\"gb-time-text\"> 15:50<\/span>\n\t\t\t\t\t\t\t\t<\/span>\n\t\t\t\t\t\t<\/span> \n\t\t\t\t\t<\/div>\n\t\t\t\t\t<div class=\"gb-entry-content\">Dobar dan! Krasan si gospodin,fanscinantno pi\u0161e\u0161,lijep mu\u0161karac,pametan,sve je kod tebe super ali Na\u010di te ne zaslu\u017euje. Budi sretan s drugom.Oprosti na ovome.\r\nAn\u010di \u2026..(gore gre\u0161ka u tekstu).\r\nPozdrav!\n\t\t\t\t\t<\/div>\n\t\t\t<\/div>\n\t\t\t<div class=\"gb-entry gb-entry_16 gb-entry-count_5 gwolle_gb_uneven gwolle-gb-uneven\">\n\t\t\t\t\t<div class=\"gb-author-info\">\n\t\t\t\t\t\t<span class=\"gb-author-avatar\"><img referrerpolicy=\"no-referrer\" alt='Frank Foehr' src='https:\/\/secure.gravatar.com\/avatar\/?s=32&#038;d=mm&#038;r=g' srcset='https:\/\/secure.gravatar.com\/avatar\/?s=64&#038;d=mm&#038;r=g 2x' class='avatar avatar-32 photo avatar-default' height='32' width='32' loading='lazy'\/><\/span>\n\t\t\t\t\t\t<span class=\"gb-author-name\">Frank Foehr\n\t\t\t\t\t\t<\/span>\n\t\t\t\t\t\t<span class=\"gb-datetime\">\n\t\t\t\t\t\t\t<span class=\"gb-date\"><span class=\"gb-date-wrote-text\"> schrieb am<\/span><span class=\"gb-date-text\"> 7. Oktober 2015<\/span>\n\t\t\t\t\t\t\t<\/span><span class=\"gb-time\">\n\t\t\t\t\t\t\t\t\t<span class=\"gb-time-at-text\"> um<\/span>\n\t\t\t\t\t\t\t\t\t<span class=\"gb-time-text\"> 13:36<\/span>\n\t\t\t\t\t\t\t\t<\/span>\n\t\t\t\t\t\t<\/span> \n\t\t\t\t\t<\/div>\n\t\t\t\t\t<div class=\"gb-entry-content\">Nachdenklich aber sehr beeindruckt und sehr dankbar \u00fcber diese Informationen und ich bin sehr dankbar dies Pers\u00f6nlichkeit kennen gelernt zu haben. Leider war diese Zeit im Prinzip nur Minuten aber sehr ber\u00fchrende und unvergessene Momente. Ich und meine Frau k\u00f6nnen immer nur danke sagen f\u00fcr diese zuf\u00e4llige Begegnung!\n\t\t\t\t\t<\/div>\n\t\t\t<\/div>\n\t\t\t<div class=\"gb-entry gb-entry_15 gb-entry-count_6 gwolle_gb_even gwolle-gb-even\">\n\t\t\t\t\t<div class=\"gb-author-info\">\n\t\t\t\t\t\t<span class=\"gb-author-avatar\"><img referrerpolicy=\"no-referrer\" alt='Daniela Guethlein' src='https:\/\/secure.gravatar.com\/avatar\/?s=32&#038;d=mm&#038;r=g' srcset='https:\/\/secure.gravatar.com\/avatar\/?s=64&#038;d=mm&#038;r=g 2x' class='avatar avatar-32 photo avatar-default' height='32' width='32' loading='lazy'\/><\/span>\n\t\t\t\t\t\t<span class=\"gb-author-name\">Daniela Guethlein\n\t\t\t\t\t\t<\/span>\n\t\t\t\t\t\t<span class=\"gb-datetime\">\n\t\t\t\t\t\t\t<span class=\"gb-date\"><span class=\"gb-date-wrote-text\"> schrieb am<\/span><span class=\"gb-date-text\"> 7. Oktober 2015<\/span>\n\t\t\t\t\t\t\t<\/span><span class=\"gb-time\">\n\t\t\t\t\t\t\t\t\t<span class=\"gb-time-at-text\"> um<\/span>\n\t\t\t\t\t\t\t\t\t<span class=\"gb-time-text\"> 13:31<\/span>\n\t\t\t\t\t\t\t\t<\/span>\n\t\t\t\t\t\t<\/span> \n\t\t\t\t\t<\/div>\n\t\t\t\t\t<div class=\"gb-entry-content\">Dein Interview hat mich gestern richtig geflasht!\n\t\t\t\t\t<\/div>\n\t\t\t<\/div>\n\t\t\t<div class=\"gb-entry gb-entry_14 gb-entry-count_7 gwolle_gb_uneven gwolle-gb-uneven\">\n\t\t\t\t\t<div class=\"gb-author-info\">\n\t\t\t\t\t\t<span class=\"gb-author-avatar\"><img referrerpolicy=\"no-referrer\" alt='Mirjana Miky Rojta' src='https:\/\/secure.gravatar.com\/avatar\/?s=32&#038;d=mm&#038;r=g' srcset='https:\/\/secure.gravatar.com\/avatar\/?s=64&#038;d=mm&#038;r=g 2x' class='avatar avatar-32 photo avatar-default' height='32' width='32' loading='lazy'\/><\/span>\n\t\t\t\t\t\t<span class=\"gb-author-name\">Mirjana Miky Rojta\n\t\t\t\t\t\t<\/span>\n\t\t\t\t\t\t<span class=\"gb-datetime\">\n\t\t\t\t\t\t\t<span class=\"gb-date\"><span class=\"gb-date-wrote-text\"> schrieb am<\/span><span class=\"gb-date-text\"> 7. Oktober 2015<\/span>\n\t\t\t\t\t\t\t<\/span><span class=\"gb-time\">\n\t\t\t\t\t\t\t\t\t<span class=\"gb-time-at-text\"> um<\/span>\n\t\t\t\t\t\t\t\t\t<span class=\"gb-time-text\"> 13:28<\/span>\n\t\t\t\t\t\t\t\t<\/span>\n\t\t\t\t\t\t<\/span> \n\t\t\t\t\t<\/div>\n\t\t\t\t\t<div class=\"gb-entry-content\">Dragi gspn Guhl,\r\ncitam i razmisljam.Istina je da su ljudi takvi kako ih opisujete.U nasoj zemlji treba biti borac kako bi covjek opstao.Najbolje sutjeti i tad si siguran.Vjerojatno je to nase geslo.I sama sam preselila u Kutjevo prije godinu dana i zasad je sve u najboljem redu,ali se ne uplicem u nista,a ogovaranja je bilo i bit ce.I jos nesto,nadam se da cete ipak nekad doci u posjetu jer ste me zaintrigirali svojim preseljenjem.....pozdrav od mene\n\t\t\t\t\t<\/div>\n\t\t\t<\/div>\n\t\t\t<div class=\"gb-entry gb-entry_13 gb-entry-count_8 gwolle_gb_even gwolle-gb-even\">\n\t\t\t\t\t<div class=\"gb-author-info\">\n\t\t\t\t\t\t<span class=\"gb-author-avatar\"><img referrerpolicy=\"no-referrer\" alt='Katarina Or\u0161uli\u0107' src='https:\/\/secure.gravatar.com\/avatar\/?s=32&#038;d=mm&#038;r=g' srcset='https:\/\/secure.gravatar.com\/avatar\/?s=64&#038;d=mm&#038;r=g 2x' class='avatar avatar-32 photo avatar-default' height='32' width='32' loading='lazy'\/><\/span>\n\t\t\t\t\t\t<span class=\"gb-author-name\">Katarina Or\u0161uli\u0107\n\t\t\t\t\t\t<\/span>\n\t\t\t\t\t\t<span class=\"gb-datetime\">\n\t\t\t\t\t\t\t<span class=\"gb-date\"><span class=\"gb-date-wrote-text\"> schrieb am<\/span><span class=\"gb-date-text\"> 27. September 2015<\/span>\n\t\t\t\t\t\t\t<\/span><span class=\"gb-time\">\n\t\t\t\t\t\t\t\t\t<span class=\"gb-time-at-text\"> um<\/span>\n\t\t\t\t\t\t\t\t\t<span class=\"gb-time-text\"> 13:52<\/span>\n\t\t\t\t\t\t\t\t<\/span>\n\t\t\t\t\t\t<\/span> \n\t\t\t\t\t<\/div>\n\t\t\t\t\t<div class=\"gb-entry-content\">Hallo,\r\nich habe die ganze Geschichte gelesen und es ist wirklich ruhrend,ich personlich hatte keine Gelegenheit Herr Guhl kennen zu lernen aber glaube dass alles Wahrheit ist, warum die Menschen in Croatien sind so wie er es beschreibt. \r\nDass kann ich auch nicht verstehen. Was da zwischen Anci und ihm gescha dass weiss ich nicht. Aber Simone Sie sind tausend mal schonere Frau als die Anci \r\n\r\nDenn ich denke auch dass Herr Guhl an falsche Leute geraten ist was auch Politike an geht in Kutjevo,die Menschen im Kutjevo sind sehr sehr auseinander gegangen und einfach aufgehetzt weil die Politik drekig gespielt hat.Und was kamm daraus ,es kamm dass sich die Kutjevo bewohner sich hassen....schone Grusse...\n\t\t\t\t\t<\/div>\n\t\t\t<\/div>\n\t\t\t<div class=\"gb-entry gb-entry_12 gb-entry-count_9 gwolle_gb_uneven gwolle-gb-uneven\">\n\t\t\t\t\t<div class=\"gb-author-info\">\n\t\t\t\t\t\t<span class=\"gb-author-avatar\"><img referrerpolicy=\"no-referrer\" alt='Ana Nemet-\u0160estak' src='https:\/\/secure.gravatar.com\/avatar\/?s=32&#038;d=mm&#038;r=g' srcset='https:\/\/secure.gravatar.com\/avatar\/?s=64&#038;d=mm&#038;r=g 2x' class='avatar avatar-32 photo avatar-default' height='32' width='32' loading='lazy'\/><\/span>\n\t\t\t\t\t\t<span class=\"gb-author-name\">Ana Nemet-\u0160estak\n\t\t\t\t\t\t<\/span>\n\t\t\t\t\t\t<span class=\"gb-datetime\">\n\t\t\t\t\t\t\t<span class=\"gb-date\"><span class=\"gb-date-wrote-text\"> schrieb am<\/span><span class=\"gb-date-text\"> 17. August 2015<\/span>\n\t\t\t\t\t\t\t<\/span><span class=\"gb-time\">\n\t\t\t\t\t\t\t\t\t<span class=\"gb-time-at-text\"> um<\/span>\n\t\t\t\t\t\t\t\t\t<span class=\"gb-time-text\"> 19:05<\/span>\n\t\t\t\t\t\t\t\t<\/span>\n\t\t\t\t\t\t<\/span> \n\t\t\t\t\t<\/div>\n\t\t\t\t\t<div class=\"gb-entry-content\">An\u010di je  vrlo lijepa romanti\u010dna pjesma\n\t\t\t\t\t<\/div>\n\t\t\t<\/div>\n\t\t\t<div class=\"gb-entry gb-entry_11 gb-entry-count_10 gwolle_gb_even gwolle-gb-even\">\n\t\t\t\t\t<div class=\"gb-author-info\">\n\t\t\t\t\t\t<span class=\"gb-author-avatar\"><img referrerpolicy=\"no-referrer\" alt='Fran\u010deska Liebmann' src='https:\/\/secure.gravatar.com\/avatar\/?s=32&#038;d=mm&#038;r=g' srcset='https:\/\/secure.gravatar.com\/avatar\/?s=64&#038;d=mm&#038;r=g 2x' class='avatar avatar-32 photo avatar-default' height='32' width='32' loading='lazy'\/><\/span>\n\t\t\t\t\t\t<span class=\"gb-author-name\">Fran\u010deska Liebmann\n\t\t\t\t\t\t<\/span>\n\t\t\t\t\t\t<span class=\"gb-datetime\">\n\t\t\t\t\t\t\t<span class=\"gb-date\"><span class=\"gb-date-wrote-text\"> schrieb am<\/span><span class=\"gb-date-text\"> 27. Mai 2015<\/span>\n\t\t\t\t\t\t\t<\/span><span class=\"gb-time\">\n\t\t\t\t\t\t\t\t\t<span class=\"gb-time-at-text\"> um<\/span>\n\t\t\t\t\t\t\t\t\t<span class=\"gb-time-text\"> 17:13<\/span>\n\t\t\t\t\t\t\t\t<\/span>\n\t\t\t\t\t\t<\/span> \n\t\t\t\t\t<\/div>\n\t\t\t\t\t<div class=\"gb-entry-content\">Ja, man kann richtig sp\u00fcren, dass Sie mit viel Liebe schreiben. Das werden jetzt auch die kroatischen Leser sp\u00fcren k\u00f6nnen.\n\t\t\t\t\t<\/div>\n\t\t\t<\/div>\n\t\t\t<div class=\"gb-entry gb-entry_10 gb-entry-count_11 gwolle_gb_uneven gwolle-gb-uneven\">\n\t\t\t\t\t<div class=\"gb-author-info\">\n\t\t\t\t\t\t<span class=\"gb-author-avatar\"><img referrerpolicy=\"no-referrer\" alt='Rico Bradatsch' src='https:\/\/secure.gravatar.com\/avatar\/?s=32&#038;d=mm&#038;r=g' srcset='https:\/\/secure.gravatar.com\/avatar\/?s=64&#038;d=mm&#038;r=g 2x' class='avatar avatar-32 photo avatar-default' height='32' width='32' loading='lazy'\/><\/span>\n\t\t\t\t\t\t<span class=\"gb-author-name\">Rico Bradatsch\n\t\t\t\t\t\t<\/span>\n\t\t\t\t\t\t<span class=\"gb-datetime\">\n\t\t\t\t\t\t\t<span class=\"gb-date\"><span class=\"gb-date-wrote-text\"> schrieb am<\/span><span class=\"gb-date-text\"> 20. April 2015<\/span>\n\t\t\t\t\t\t\t<\/span><span class=\"gb-time\">\n\t\t\t\t\t\t\t\t\t<span class=\"gb-time-at-text\"> um<\/span>\n\t\t\t\t\t\t\t\t\t<span class=\"gb-time-text\"> 12:22<\/span>\n\t\t\t\t\t\t\t\t<\/span>\n\t\t\t\t\t\t<\/span> \n\t\t\t\t\t<\/div>\n\t\t\t\t\t<div class=\"gb-entry-content\">Hallo Dirk,\r\n\r\nGrad habe ich mal auf Deine Facebook-Seite geschaut. Coole Nummer mit Deinem Buch, das Lied &#034;Anamarija&#034; ist echt toll. Das kommt man gar nicht mehr aus dem Kopf und kommt man in Urlaubslaune!\r\n\r\nEiner meiner neuen Kollegen hat auf Mali Losinj ein Haus. Langsam wird es Zeit das ich mir die Gegend auch mal ansehe. .;-)\r\n\r\nRico\r\n\r\nMit freundlichen Gr\u00fc\u00dfen\r\n\r\nRico Bradatsch\n\t\t\t\t\t<\/div>\n\t\t\t<\/div>\n\t\t\t<div class=\"gb-entry gb-entry_9 gb-entry-count_12 gwolle_gb_even gwolle-gb-even\">\n\t\t\t\t\t<div class=\"gb-author-info\">\n\t\t\t\t\t\t<span class=\"gb-author-avatar\"><img referrerpolicy=\"no-referrer\" alt='Peter Heidrich' src='https:\/\/secure.gravatar.com\/avatar\/?s=32&#038;d=mm&#038;r=g' srcset='https:\/\/secure.gravatar.com\/avatar\/?s=64&#038;d=mm&#038;r=g 2x' class='avatar avatar-32 photo avatar-default' height='32' width='32' loading='lazy'\/><\/span>\n\t\t\t\t\t\t<span class=\"gb-author-name\">Peter Heidrich\n\t\t\t\t\t\t<\/span>\n\t\t\t\t\t\t<span class=\"gb-datetime\">\n\t\t\t\t\t\t\t<span class=\"gb-date\"><span class=\"gb-date-wrote-text\"> schrieb am<\/span><span class=\"gb-date-text\"> 16. M\u00e4rz 2015<\/span>\n\t\t\t\t\t\t\t<\/span><span class=\"gb-time\">\n\t\t\t\t\t\t\t\t\t<span class=\"gb-time-at-text\"> um<\/span>\n\t\t\t\t\t\t\t\t\t<span class=\"gb-time-text\"> 14:34<\/span>\n\t\t\t\t\t\t\t\t<\/span>\n\t\t\t\t\t\t<\/span> \n\t\t\t\t\t<\/div>\n\t\t\t\t\t<div class=\"gb-entry-content\">Toll gestaltete und informative Seite von Dir!\r\nWeiterhin alles Gute w\u00fcnschen Mandy &amp; Peter!\r\nDann bis zum n\u00e4chsten Klassentreffen!\r\n\r\nViele Gr\u00fc\u00dfe Peter Heidrich.\n\t\t\t\t\t<\/div>\n\t\t\t<\/div>\n\t\t\t<div class=\"gb-entry gb-entry_8 gb-entry-count_13 gwolle_gb_uneven gwolle-gb-uneven\">\n\t\t\t\t\t<div class=\"gb-author-info\">\n\t\t\t\t\t\t<span class=\"gb-author-avatar\"><img referrerpolicy=\"no-referrer\" alt='Dirk Israel' src='https:\/\/secure.gravatar.com\/avatar\/8cafc1acad7f7e465c2577082e289262?s=32&#038;d=mm&#038;r=g' srcset='https:\/\/secure.gravatar.com\/avatar\/8cafc1acad7f7e465c2577082e289262?s=64&#038;d=mm&#038;r=g 2x' class='avatar avatar-32 photo' height='32' width='32' loading='lazy'\/><\/span>\n\t\t\t\t\t\t<span class=\"gb-author-name\">Dirk Israel\n\t\t\t\t\t\t<\/span>\n\t\t\t\t\t\t<span class=\"gb-datetime\">\n\t\t\t\t\t\t\t<span class=\"gb-date\"><span class=\"gb-date-wrote-text\"> schrieb am<\/span><span class=\"gb-date-text\"> 12. M\u00e4rz 2014<\/span>\n\t\t\t\t\t\t\t<\/span><span class=\"gb-time\">\n\t\t\t\t\t\t\t\t\t<span class=\"gb-time-at-text\"> um<\/span>\n\t\t\t\t\t\t\t\t\t<span class=\"gb-time-text\"> 16:20<\/span>\n\t\t\t\t\t\t\t\t<\/span>\n\t\t\t\t\t\t<\/span> \n\t\t\t\t\t<\/div>\n\t\t\t\t\t<div class=\"gb-entry-content\">Guten Tag Dirk,\r\n\r\nmich hat der Beitrag im MDR-Fernsehen sehr ber\u00fchrt. Ich bin n\u00e4mlich auch Kurkind von Veli. Leider habe ich keine Unterlagen\r\nmehr - es muss 1974 gewesen sein. Ich war mit meinem Lebenspartner schon zweimal wieder in Veli und ich muss gestehen, als wir\r\nvor dem Zaun des nun leider vom Verfall gepr\u00e4gten Geb\u00e4udes des damaligen Kurheims standen, mir Tr\u00e4nen in den Augen standen.\r\nOffen gesagt, wenn ich die Mittel h\u00e4tte, ich w\u00fcrde alles tun um dieses Haus wieder zum Leben zu erwecken. Es wird sicher ein neue\r\nHeim errichtet, aber das alte Haus strahlt so eine tolle Atmosph\u00e4re aus ...\r\nFinde es total Klasse, dass du dir deinen Traum verwirklichen kannst ...\r\nWie gesagt, wenn ich eine M\u00f6glichkeit sehen w\u00fcrde, ich denke, ich w\u00fcrde auch diesen Schritt gehen. Zumal jetzt, wo mein Partner\r\nmit 60 arbeitslos wurde.\r\nWir wollen auf jeden Fall wieder nach Veli - vielmehr auf mein Verlangen hin ... Veli hat mich in seinen Bann gezogen ... oder sagen wir\r\nbesser Istrien. In Istrien haben wir im Urlaub unsere \u201cBasis\u201d. Gebiet Rabac\/Labin. Und von dort aus ging\u2019s immer nach Veli ...\r\n\u00dcbrigens, ich wohne nahe Dresden und mein Partner in Leipzig.\r\nW\u00fcrde mich freuen, wenn du dich mal meldest.\r\nViele, viele Gr\u00fc\u00dfe, auch an deine Frau\r\nsendet\r\nDirk.\n\t\t\t\t\t<\/div>\n\t\t\t<\/div>\n\t\t\t<div class=\"gb-entry gb-entry_7 gb-entry-count_14 gwolle_gb_even gwolle-gb-even\">\n\t\t\t\t\t<div class=\"gb-author-info\">\n\t\t\t\t\t\t<span class=\"gb-author-avatar\"><img referrerpolicy=\"no-referrer\" alt='Richard Herzog' src='https:\/\/secure.gravatar.com\/avatar\/?s=32&#038;d=mm&#038;r=g' srcset='https:\/\/secure.gravatar.com\/avatar\/?s=64&#038;d=mm&#038;r=g 2x' class='avatar avatar-32 photo avatar-default' height='32' width='32' loading='lazy'\/><\/span>\n\t\t\t\t\t\t<span class=\"gb-author-name\">Richard Herzog\n\t\t\t\t\t\t<\/span>\n\t\t\t\t\t\t<span class=\"gb-datetime\">\n\t\t\t\t\t\t\t<span class=\"gb-date\"><span class=\"gb-date-wrote-text\"> schrieb am<\/span><span class=\"gb-date-text\"> 15. Februar 2014<\/span>\n\t\t\t\t\t\t\t<\/span><span class=\"gb-time\">\n\t\t\t\t\t\t\t\t\t<span class=\"gb-time-at-text\"> um<\/span>\n\t\t\t\t\t\t\t\t\t<span class=\"gb-time-text\"> 19:35<\/span>\n\t\t\t\t\t\t\t\t<\/span>\n\t\t\t\t\t\t<\/span> \n\t\t\t\t\t<\/div>\n\t\t\t\t\t<div class=\"gb-entry-content\">Hallo Dirk,\r\n\r\nein sehr ber\u00fchrendes Video. Ich bin mit meinen Kindern als sie noch klein waren auch auf dieser wundersch\u00f6nen Insel gewesen.\r\nKroatien ist nach wie vor unser \u201cLiebkind\u201d.\r\nDu hast da einen besonderen Weg gew\u00e4hlt. Was immer dich treibt, ich w\u00fcnsche dir die Kraft und den Mut deinen Weg weiter zugehen!\r\n\r\nGanz liebe Gr\u00fc\u00dfe\r\nRichard\n\t\t\t\t\t<\/div>\n\t\t\t<\/div>\n\t\t\t<div class=\"gb-entry gb-entry_6 gb-entry-count_15 gwolle_gb_uneven gwolle-gb-uneven\">\n\t\t\t\t\t<div class=\"gb-author-info\">\n\t\t\t\t\t\t<span class=\"gb-author-avatar\"><img referrerpolicy=\"no-referrer\" alt='Kopic' src='https:\/\/secure.gravatar.com\/avatar\/?s=32&#038;d=mm&#038;r=g' srcset='https:\/\/secure.gravatar.com\/avatar\/?s=64&#038;d=mm&#038;r=g 2x' class='avatar avatar-32 photo avatar-default' height='32' width='32' loading='lazy'\/><\/span>\n\t\t\t\t\t\t<span class=\"gb-author-name\">Kopic\n\t\t\t\t\t\t<\/span>\n\t\t\t\t\t\t<span class=\"gb-datetime\">\n\t\t\t\t\t\t\t<span class=\"gb-date\"><span class=\"gb-date-wrote-text\"> schrieb am<\/span><span class=\"gb-date-text\"> 1. November 2013<\/span>\n\t\t\t\t\t\t\t<\/span><span class=\"gb-time\">\n\t\t\t\t\t\t\t\t\t<span class=\"gb-time-at-text\"> um<\/span>\n\t\t\t\t\t\t\t\t\t<span class=\"gb-time-text\"> 17:54<\/span>\n\t\t\t\t\t\t\t\t<\/span>\n\t\t\t\t\t\t<\/span> \n\t\t\t\t\t<\/div>\n\t\t\t\t\t<div class=\"gb-entry-content\">Lieber Dirk,\r\n\r\nalles Gute f\u00fcr dein Buch und eine wundersch\u00f6ne Zeit in Slawonien. M\u00f6gen sich alle deine W\u00fcnsche erf\u00fcllen.\r\nSch\u00f6ne Gr\u00fc\u00dfe aus Berlin und meiner Geburtsstadt Slavonski Brod.\n\t\t\t\t\t<\/div>\n\t\t\t<\/div>\n\t\t\t<\/div><\/div>\n","protected":false},"excerpt":{"rendered":"<p>G\u00e4stebuch \/ Knjiga dojmova \/ Guestbook<\/p>\n","protected":false},"author":1,"featured_media":0,"parent":0,"menu_order":0,"comment_status":"open","ping_status":"open","template":"","meta":[],"_links":{"self":[{"href":"https:\/\/dirkguhl.com\/WordPress_01\/wp-json\/wp\/v2\/pages\/181"}],"collection":[{"href":"https:\/\/dirkguhl.com\/WordPress_01\/wp-json\/wp\/v2\/pages"}],"about":[{"href":"https:\/\/dirkguhl.com\/WordPress_01\/wp-json\/wp\/v2\/types\/page"}],"author":[{"embeddable":true,"href":"https:\/\/dirkguhl.com\/WordPress_01\/wp-json\/wp\/v2\/users\/1"}],"replies":[{"embeddable":true,"href":"https:\/\/dirkguhl.com\/WordPress_01\/wp-json\/wp\/v2\/comments?post=181"}],"version-history":[{"count":9,"href":"https:\/\/dirkguhl.com\/WordPress_01\/wp-json\/wp\/v2\/pages\/181\/revisions"}],"predecessor-version":[{"id":356,"href":"https:\/\/dirkguhl.com\/WordPress_01\/wp-json\/wp\/v2\/pages\/181\/revisions\/356"}],"wp:attachment":[{"href":"https:\/\/dirkguhl.com\/WordPress_01\/wp-json\/wp\/v2\/media?parent=181"}],"curies":[{"name":"wp","href":"https:\/\/api.w.org\/{rel}","templated":true}]}}